{"id":978,"date":"2017-03-22T09:17:25","date_gmt":"2017-03-22T07:17:25","guid":{"rendered":"https:\/\/www.banukalayci.com\/?page_id=978"},"modified":"2022-02-13T08:33:08","modified_gmt":"2022-02-13T06:33:08","slug":"kalp-pusulasi","status":"publish","type":"page","link":"https:\/\/www.banukalayci.com\/?page_id=978","title":{"rendered":"Kalp Pusulas\u0131- Hocus Focus"},"content":{"rendered":"<p style=\"text-align: left;\"><strong>Sizi 15-15 derslik\u00a0 bir programla \u00e7akralar\u0131n d\u00f6ng\u00fcs\u00fcn\u00fc takip eden ve isteklerimizi hayat\u0131n i\u00e7inde ya\u015fan\u0131r yapabilece\u011fimiz bir d\u00f6n\u00fc\u015f\u00fcm yolculu\u011funa davet ediyoruz\u2026<\/strong><\/p>\n<p><strong>Kalp Pusulas\u0131 &#8211; Hocus Focus Yarat\u0131m At\u00f6lyesi, bizi bir araya getirecek ve toplamda 15-15 \u00a0derste tamamlanacak bir yarat\u0131m at\u00f6lye \u00e7al\u0131\u015fmas\u0131 olarak tasarland\u0131\u2026<\/strong><\/p>\n<p>Amac\u0131m\u0131z, konular\u0131m\u0131z:<\/p>\n<p>HAYALLER\u0130M\u0130zi Ger\u00e7e\u011fimize d\u00f6n\u00fc\u015ft\u00fcrmek&#8230;.<br \/>\nPOTANS\u0130YEL\u0130M\u0130Z\u0130 YA\u015eAMAK\u2026<br \/>\n\u0130stediklerimizden bizi ay\u0131ran ne varsa onlar\u0131 temizleyip, istedi\u011fimiz hayat\u0131n sabah\u0131na uyanmak&#8230;<br \/>\nKendimizi tan\u0131mak.<br \/>\nKendimize&#8230;. En de\u011ferlisine ger\u00e7eklik merkezimizin sahip \u00e7\u0131kmak\u2026<br \/>\nHayal g\u00fcc\u00fcm\u00fcz\u00fc tekrar kullanmaya ba\u015flamak\u2026<br \/>\nUnuttu\u011fumuz hayallerimizle g\u00f6z g\u00f6ze gelmek&#8230;<br \/>\nOnlar\u0131 ya\u015fan\u0131r yapabilmek i\u00e7in var olan nefesimizi hat\u0131rlamak&#8230;<br \/>\n\u0130nanc\u0131, umudu, ne\u015feyi, co\u015fkuyu, heyecan\u0131, keyfi tekrar hayata hep daha fazla \u00e7a\u011f\u0131rmak&#8230;<br \/>\nMucizelere izin vermek sonras\u0131nda\u2026 Sonras\u0131nda mucize olmak&#8230;<\/p>\n<p style=\"text-align: center;\"><strong>V\u00fccudumuzdaki her bir enerji kap\u0131s\u0131na 2 hafta ayr\u0131lmas\u0131 planlanarak 7 ana \u00e7akray\u0131 \u00f6\u011frenmek, deneyimlemek, \u00e7al\u0131\u015fmak ve son haftay\u0131 kapan\u0131\u015f \u00e7al\u0131\u015fmas\u0131 ile b\u00fct\u00fcnlemek \u00fczere bir takvim olu\u015fturuldu. Yepyeni, taze g\u00f6zlerle enerji d\u00fcnyas\u0131n\u0131 d\u00fcnyan\u0131za katmak, yaratt\u0131\u011f\u0131n\u0131z d\u00fcnyada kalbinizin pusulas\u0131yla yollar\u0131n\u0131z\u0131 y\u00fcr\u00fcmek fikri sizi de heyecanland\u0131r\u0131yorsa sizi \u00e7al\u0131\u015fmalar\u0131m\u0131za kat\u0131lmaya bekliyoruz\u2026<\/strong><\/p>\n<p><a href=\"https:\/\/www.banukalayci.com\/wp-content\/uploads\/2017\/02\/banu1.jpg\"><img loading=\"lazy\" decoding=\"async\" class=\"aligncenter wp-image-962 \" src=\"https:\/\/www.banukalayci.com\/wp-content\/uploads\/2017\/02\/banu1-e1487249903746.jpg\" alt=\"banu1\" width=\"379\" height=\"377\" \/><\/a> <a href=\"https:\/\/www.banukalayci.com\/wp-content\/uploads\/2017\/02\/yeryuzugokyuzu_Artboard-4.jpg\"><img loading=\"lazy\" decoding=\"async\" class=\"aligncenter  wp-image-966\" src=\"https:\/\/www.banukalayci.com\/wp-content\/uploads\/2017\/02\/yeryuzugokyuzu_Artboard-4.jpg\" alt=\"yeryuzugokyuzu_Artboard 4\" width=\"283\" height=\"245\" srcset=\"https:\/\/www.banukalayci.com\/wp-content\/uploads\/2017\/02\/yeryuzugokyuzu_Artboard-4.jpg 5774w, https:\/\/www.banukalayci.com\/wp-content\/uploads\/2017\/02\/yeryuzugokyuzu_Artboard-4-300x259.jpg 300w, https:\/\/www.banukalayci.com\/wp-content\/uploads\/2017\/02\/yeryuzugokyuzu_Artboard-4-1024x886.jpg 1024w, https:\/\/www.banukalayci.com\/wp-content\/uploads\/2017\/02\/yeryuzugokyuzu_Artboard-4-800x692.jpg 800w\" sizes=\"auto, (max-width: 283px) 100vw, 283px\" \/><\/a><\/p>\n<p>&#8211; 7 ana \u00e7akra \u00fczerinden b\u00fct\u00fcnle \u00e7al\u0131\u015fmak ,<\/p>\n<p>&#8211; Bedenin ana enerji merkezleri hakk\u0131nda bilgi birikimi ve hisse dayal\u0131 deneyimler olu\u015fturabilmek,<\/p>\n<p>&#8211; Bedenin bu ana merkezlerde enerjileri yo\u011fun ve ihtiyac\u0131 kadar al\u0131p, kullanabilmesini sa\u011flamak,<\/p>\n<p>&#8211; Enerjilerin rahat\u00e7a akabilmesi i\u00e7in, beden i\u00e7inde tutulabilme ihtimali olan blokajlar\u0131n temizlenip, enerjilerin daha kolay ve \u00fcst fark\u0131ndal\u0131klara a\u00e7\u0131labilmesini desteklemek,<\/p>\n<p>&#8211; Enerji fark\u0131ndal\u0131\u011f\u0131na a\u00e7\u0131lmak, hissetmek- g\u00f6rmek- farkl\u0131l\u0131klar\u0131 tan\u0131mlamak,<\/p>\n<p>&#8211; Psi\u015fik kanallar\u0131n daha rahat \u00e7al\u0131\u015fabilmesi,<\/p>\n<p>&#8211; Bilinmezin daha bilinir olmas\u0131 yeni bilincin a\u00e7\u0131lmas\u0131,<\/p>\n<p>&#8211; Ya\u015fam kalitesini duygusal- fiziksel- bedensel olarak iyile\u015ftirmek,<\/p>\n<p>&#8211; Bedenin daha sa\u011fl\u0131kl\u0131 hale ge\u00e7mesi hedeflenirken,<\/p>\n<p>&#8211; \u00c7akralar nas\u0131l i\u015fliyor? Hangi hayatsal duygular bedende hangi merkezlerde toplan\u0131yor ya da ak\u0131\u015f\u0131 h\u0131zland\u0131r\u0131yor?<br \/>\n&#8211; Sistemsel enerji ak\u0131\u015f\u0131m\u0131z\u0131 ge\u00e7mi\u015ften birikerek t\u0131kam\u0131\u015f olan enerji k\u00fcmelerini nas\u0131l fark ederiz ve nas\u0131l temizleriz?<br \/>\n&#8211; Bu enerji dedikleri nedir? Neden vard\u0131r? Ne i\u015fe yarar?.-)<br \/>\n&#8211; G\u00fcn i\u00e7inde enerji fark\u0131ndal\u0131\u011f\u0131n\u0131 nas\u0131l s\u00fcrekli tutarak hayat\u0131 y\u00f6netebiliriz?<br \/>\n&#8211; Zihin neden enerji fark\u0131ndal\u0131\u011f\u0131n\u0131n en \u00f6nemli merkezi?<br \/>\n&#8211; \u0130nan\u00e7lar\u0131m\u0131z hayat\u0131m\u0131z\u0131 en derinden nas\u0131l y\u00f6nlendiriyor?<br \/>\n&#8211; Aileden ald\u0131\u011f\u0131m\u0131z ve bedende ta\u015f\u0131y\u0131p hayat\u0131m\u0131za ak\u0131tt\u0131\u011f\u0131m\u0131z aile miras\u0131n\u0131n y\u00fck\u00fcn\u00fc, nas\u0131l erdeme ve keyfe d\u00f6n\u00fc\u015ft\u00fcrebiliriz?<br \/>\n&#8211; Duyular\u0131m\u0131z\u0131 daha a\u00e7mak ve bunu geli\u015ftirebilmek i\u00e7in neler yapabiliriz?<\/p>\n<p>&#8211; Yarat\u0131m nas\u0131l i\u015fliyor? Ger\u00e7ekten neyi yarat\u0131yoruz?<br \/>\n&#8211; Hayat\u0131m\u0131z\u0131n ger\u00e7eklerini hayat\u0131m\u0131za alabilmemiz i\u00e7in neler yapabiliriz?<br \/>\n&#8211; Ger\u00e7ek t\u0131n\u0131s\u0131yla nas\u0131l uyumlanabiliriz?<br \/>\n&#8211; Bu hayata parmak izimiz gibi getirdi\u011fimiz e\u015fsiz enerji a\u011f\u0131m\u0131z\u0131n merkezinde olup, keyfini nas\u0131l \u00e7\u0131karabiliriz?<br \/>\n&#8211; \u0130stekleri ve hayallerin ger\u00e7e\u011fin hangi par\u00e7as\u0131n\u0131 tuttu\u011funu nas\u0131l anlar\u0131z?<br \/>\n&#8211; Bizim olana sahip \u00e7\u0131kmak i\u00e7in zihinsel, bedensel, duygusal kendimizi nas\u0131l daha g\u00fc\u00e7l\u00fc ve canl\u0131 hale getirebiliriz? sorular\u0131 ve cevaplar\u0131na aktif bir \u015fekilde yo\u011funla\u015f\u0131lacakt\u0131r.<br \/>\n&#8211; T\u00fcm s\u0131n\u0131f \u00e7al\u0131\u015fmas\u0131 aktif, \u00f6rnekli, deneyime alan tan\u0131yan, bilgiden \u00e7ok deneyime \u00f6nem verecek \u015fekilde d\u00fczenlenmektedir&#8230;<\/p>\n<p>Daha \u00e7ok not almaya de\u011fil, daha \u00e7ok ya\u015famaya, deneyimlemeye, i\u00e7selle\u015ftirmeye, ki\u015finin kendi bilgeli\u011fiyle birle\u015ftirmeye y\u00f6nelik olan bu \u00e7al\u0131\u015fmaya ilgilenen herkesi bekliyoruz&#8230;.- Daha \u00e7ok e\u011flenceye , keyfe , huzura \u00a0ve b\u00fct\u00fcnl\u00fc\u011f\u00fcn nefesine a\u00e7\u0131lmak hedeflenmektedir&#8230;<\/p>\n<p><strong>Detayl\u0131 bilgi ve kay\u0131t i\u00e7in bize <\/strong><strong>05322627716\u2019dan\u00a0<\/strong><strong>ula\u015fabilirsiniz\u2026<\/strong><\/p>\n<p><strong>Sevgiyle\u2026\u00a0<\/strong><\/p>\n<p>&nbsp;<\/p>\n","protected":false},"excerpt":{"rendered":"<p>Sizi 15-15 derslik\u00a0 bir programla \u00e7akralar\u0131n d\u00f6ng\u00fcs\u00fcn\u00fc takip eden ve isteklerimizi hayat\u0131n i\u00e7inde ya\u015fan\u0131r yapabilece\u011fimiz bir d\u00f6n\u00fc\u015f\u00fcm yolculu\u011funa davet ediyoruz\u2026 Kalp Pusulas\u0131 &#8211; Hocus Focus Yarat\u0131m At\u00f6lyesi, bizi bir araya [&hellip;]<\/p>\n","protected":false},"author":1,"featured_media":1540,"parent":40,"menu_order":0,"comment_status":"open","ping_status":"closed","template":"","meta":{"ngg_post_thumbnail":0,"_EventAllDay":false,"_EventTimezone":"","_EventStartDate":"","_EventEndDate":"","_EventStartDateUTC":"","_EventEndDateUTC":"","_EventShowMap":false,"_EventShowMapLink":false,"_EventURL":"","_EventCost":"","_EventCostDescription":"","_EventCurrencySymbol":"","_EventCurrencyCode":"","_EventCurrencyPosition":"","_EventDateTimeSeparator":"","_EventTimeRangeSeparator":"","_EventOrganizerID":[],"_EventVenueID":[],"_OrganizerEmail":"","_OrganizerPhone":"","_OrganizerWebsite":"","_VenueAddress":"","_VenueCity":"","_VenueCountry":"","_VenueProvince":"","_VenueState":"","_VenueZip":"","_VenuePhone":"","_VenueURL":"","_VenueStateProvince":"","_VenueLat":"","_VenueLng":"","_VenueShowMap":false,"_VenueShowMapLink":false,"footnotes":""},"class_list":["post-978","page","type-page","status-publish","has-post-thumbnail","hentry"],"_links":{"self":[{"href":"https:\/\/www.banukalayci.com\/index.php?rest_route=\/wp\/v2\/pages\/978","targetHints":{"allow":["GET"]}}],"collection":[{"href":"https:\/\/www.banukalayci.com\/index.php?rest_route=\/wp\/v2\/pages"}],"about":[{"href":"https:\/\/www.banukalayci.com\/index.php?rest_route=\/wp\/v2\/types\/page"}],"author":[{"embeddable":true,"href":"https:\/\/www.banukalayci.com\/index.php?rest_route=\/wp\/v2\/users\/1"}],"replies":[{"embeddable":true,"href":"https:\/\/www.banukalayci.com\/index.php?rest_route=%2Fwp%2Fv2%2Fcomments&post=978"}],"version-history":[{"count":10,"href":"https:\/\/www.banukalayci.com\/index.php?rest_route=\/wp\/v2\/pages\/978\/revisions"}],"predecessor-version":[{"id":1825,"href":"https:\/\/www.banukalayci.com\/index.php?rest_route=\/wp\/v2\/pages\/978\/revisions\/1825"}],"up":[{"embeddable":true,"href":"https:\/\/www.banukalayci.com\/index.php?rest_route=\/wp\/v2\/pages\/40"}],"wp:featuredmedia":[{"embeddable":true,"href":"https:\/\/www.banukalayci.com\/index.php?rest_route=\/wp\/v2\/media\/1540"}],"wp:attachment":[{"href":"https:\/\/www.banukalayci.com\/index.php?rest_route=%2Fwp%2Fv2%2Fmedia&parent=978"}],"curies":[{"name":"wp","href":"https:\/\/api.w.org\/{rel}","templated":true}]}}