{"id":634,"date":"2015-09-28T13:31:14","date_gmt":"2015-09-28T10:31:14","guid":{"rendered":"https:\/\/www.banukalayci.com\/?page_id=634"},"modified":"2020-03-07T20:29:17","modified_gmt":"2020-03-07T18:29:17","slug":"butunlugun-nefesinde","status":"publish","type":"page","link":"https:\/\/www.banukalayci.com\/?page_id=634","title":{"rendered":"B\u00fct\u00fcnl\u00fc\u011f\u00fcn Nefesinde"},"content":{"rendered":"<p>&nbsp;<\/p>\n<p>Ta\u015f\u0131n\u0131lan t\u00fcm kimlikler i\u00e7inde h\u0131zl\u0131ca gitgeller ya\u015famak durumunda olmak: evdeyken i\u015ften gelen bir mail, i\u015fteyken okuldan gelen bir g\u00f6r\u00fc\u015fme talebi, arkada\u015flarlayken evdeki yard\u0131mc\u0131n\u0131n sorular\u0131&#8230; Nefessiz ge\u00e7en sanki dakikalar birbirini kovalayan ve bir kendini unutma hali bazen t\u00fcm kimliklerin \u00f6tesinde kim oldu\u011fumuza dair&#8230;<\/p>\n<p>&nbsp;<\/p>\n<p><strong>Bu seminer:<\/strong><\/p>\n<p>&#8211;\u00a0 Do\u011fayla tekrar ba\u011flant\u0131 kurmak,<\/p>\n<p>&#8211;\u00a0 Do\u011fal\u0131m\u0131z\u0131 tekrar hat\u0131rlamak ve en bize ait olan yerden hayat\u0131m\u0131za bakmak,<\/p>\n<p>&#8211;\u00a0 Bedeni rahatlatmak, zihni sakinle\u015ftirmek,<\/p>\n<p>&#8211;\u00a0 Arzular\u0131m\u0131z\u0131n ve tutkular\u0131m\u0131z\u0131n ne oldu\u011funu hat\u0131rlamak ya da hayata ge\u00e7irmek i\u00e7in g\u00fc\u00e7 biriktirmek,<\/p>\n<p>&#8211;\u00a0 Hayata heyecan\u0131m\u0131z\u0131 geri \u00e7a\u011f\u0131rmak,<\/p>\n<p>&#8211;\u00a0 Bedenimize kim oldu\u011funu ve neler yapabilece\u011fini hat\u0131rlatmak,<\/p>\n<p>&#8211;\u00a0 Do\u011fal\u0131n ve do\u011fal\u0131n muazzaml\u0131klar\u0131n\u0131 deneyimlemek,<\/p>\n<p>&#8211; Dinlenmek, e\u011flenmek, basitle\u015fmek ve basitin g\u00fczelini ya\u015famaya izin vermek konular\u0131 \u00fczerine yap\u0131land\u0131r\u0131ld\u0131&#8230;<\/p>\n<p>&nbsp;<\/p>\n<p><strong>E\u011fer:<\/strong><\/p>\n<p><a href=\"https:\/\/www.banukalayci.com\/wp-content\/uploads\/2015\/06\/10845601_554598097975914_8439435351034445088_o.jpg\"><img loading=\"lazy\" decoding=\"async\" class=\"page-background-source alignnone wp-image-582 size-full\" src=\"https:\/\/www.banukalayci.com\/wp-content\/uploads\/2015\/06\/10845601_554598097975914_8439435351034445088_o.jpg\" alt=\"10845601_554598097975914_8439435351034445088_o\" width=\"843\" height=\"843\" srcset=\"https:\/\/www.banukalayci.com\/wp-content\/uploads\/2015\/06\/10845601_554598097975914_8439435351034445088_o.jpg 843w, https:\/\/www.banukalayci.com\/wp-content\/uploads\/2015\/06\/10845601_554598097975914_8439435351034445088_o-150x150.jpg 150w, https:\/\/www.banukalayci.com\/wp-content\/uploads\/2015\/06\/10845601_554598097975914_8439435351034445088_o-300x300.jpg 300w, https:\/\/www.banukalayci.com\/wp-content\/uploads\/2015\/06\/10845601_554598097975914_8439435351034445088_o-800x800.jpg 800w, https:\/\/www.banukalayci.com\/wp-content\/uploads\/2015\/06\/10845601_554598097975914_8439435351034445088_o-400x400.jpg 400w\" sizes=\"auto, (max-width: 843px) 100vw, 843px\" \/><\/a><\/p>\n<p>&#8211;\u00a0 Kendinizle vakit ge\u00e7irmek,<\/p>\n<p>&#8211;\u00a0 Yeni dostluklar kurmak,<\/p>\n<p>&#8211;\u00a0 Do\u011fayla b\u00fct\u00fcnle\u015fmek,<\/p>\n<p>&#8211;\u00a0 \u0130steklerinize do\u011fru sizi gitmekten engelleyen art\u0131k ihtiyac\u0131n\u0131z olmayan enerji k\u00fcmelerini \u015felalelere b\u0131rakmak, \u00f6zg\u00fcrle\u015fmek,<\/p>\n<p>&#8211;\u00a0 E\u011flenmek,<\/p>\n<p>&#8211;\u00a0 Canlanmak,<\/p>\n<p>&#8211;\u00a0 Hayat\u0131n i\u00e7inde oldu\u011fumuz ger\u00e7e\u011finin d\u0131\u015f\u0131na \u00e7\u0131k\u0131p al\u0131\u015f\u0131k olmad\u0131\u011f\u0131m\u0131z ya da \u00f6zledi\u011finiz muazzaml\u0131klar\u0131 deneyimlemek,<\/p>\n<p>&#8211;\u00a0 Tutkular\u0131n\u0131z\u0131n pe\u015finden gitmek i\u00e7in enerji toplamak,<\/p>\n<p>&#8211;\u00a0 Do\u011fan\u0131n muazzam g\u00fcc\u00fcn\u00fc arkan\u0131za almak ve her t\u00fcrl\u00fc iste\u011finize kolayl\u0131kla ve co\u015fkuyla ve heyecanla ve zenginlikle ve dostlarla gitmeyi hedefliyorsan\u0131z&#8230;<\/p>\n<p>bu \u00e7al\u0131\u015fma do\u011fru \u00e7al\u0131\u015fma demektir&#8230;<\/p>\n<p>\u00c7al\u0131\u015fma Karadeniz- Afrika- Kapadokya- Dat\u00e7a- Mardin de yap\u0131lm\u0131\u015f ve yap\u0131lmaya devam etmektedir.<\/p>\n<p>Her \u00e7al\u0131\u015fma birbirinden farkl\u0131d\u0131r ve do\u011fan\u0131n sundu\u011fu zenginlikleri \u00a0yo\u011funca kullanarak \u00e7al\u0131\u015f\u0131l\u0131r. Seminer odas\u0131 do\u011fan\u0131n tam i\u00e7idir.<\/p>\n<p>&nbsp;<\/p>\n<p><a href=\"https:\/\/www.banukalayci.com\/wp-content\/uploads\/2015\/06\/1743736_512499518852439_7637431197877201638_n1.jpg\"><img loading=\"lazy\" decoding=\"async\" class=\"page-background-source alignnone wp-image-584 size-full\" src=\"https:\/\/www.banukalayci.com\/wp-content\/uploads\/2015\/06\/1743736_512499518852439_7637431197877201638_n1.jpg\" alt=\"1743736_512499518852439_7637431197877201638_n\" width=\"600\" height=\"900\" srcset=\"https:\/\/www.banukalayci.com\/wp-content\/uploads\/2015\/06\/1743736_512499518852439_7637431197877201638_n1.jpg 600w, https:\/\/www.banukalayci.com\/wp-content\/uploads\/2015\/06\/1743736_512499518852439_7637431197877201638_n1-200x300.jpg 200w\" sizes=\"auto, (max-width: 600px) 100vw, 600px\" \/><\/a><\/p>\n<p><b>L\u00fctfen Detayl\u0131 bilgi ve kay\u0131t i\u00e7in 05322627716 No&#8217;lu telefondan bizimle irtibata ge\u00e7in&#8230;<\/b><\/p>\n<p>&nbsp;<\/p>\n<p>&nbsp;<\/p>\n","protected":false},"excerpt":{"rendered":"<p>&nbsp; Ta\u015f\u0131n\u0131lan t\u00fcm kimlikler i\u00e7inde h\u0131zl\u0131ca gitgeller ya\u015famak durumunda olmak: evdeyken i\u015ften gelen bir mail, i\u015fteyken okuldan gelen bir g\u00f6r\u00fc\u015fme talebi, arkada\u015flarlayken evdeki yard\u0131mc\u0131n\u0131n sorular\u0131&#8230; Nefessiz ge\u00e7en sanki dakikalar birbirini [&hellip;]<\/p>\n","protected":false},"author":1,"featured_media":581,"parent":0,"menu_order":0,"comment_status":"open","ping_status":"closed","template":"","meta":{"ngg_post_thumbnail":0,"_EventAllDay":false,"_EventTimezone":"","_EventStartDate":"","_EventEndDate":"","_EventStartDateUTC":"","_EventEndDateUTC":"","_EventShowMap":false,"_EventShowMapLink":false,"_EventURL":"","_EventCost":"","_EventCostDescription":"","_EventCurrencySymbol":"","_EventCurrencyCode":"","_EventCurrencyPosition":"","_EventDateTimeSeparator":"","_EventTimeRangeSeparator":"","_EventOrganizerID":[],"_EventVenueID":[],"_OrganizerEmail":"","_OrganizerPhone":"","_OrganizerWebsite":"","_VenueAddress":"","_VenueCity":"","_VenueCountry":"","_VenueProvince":"","_VenueState":"","_VenueZip":"","_VenuePhone":"","_VenueURL":"","_VenueStateProvince":"","_VenueLat":"","_VenueLng":"","_VenueShowMap":false,"_VenueShowMapLink":false,"footnotes":""},"class_list":["post-634","page","type-page","status-publish","has-post-thumbnail","hentry"],"_links":{"self":[{"href":"https:\/\/www.banukalayci.com\/index.php?rest_route=\/wp\/v2\/pages\/634","targetHints":{"allow":["GET"]}}],"collection":[{"href":"https:\/\/www.banukalayci.com\/index.php?rest_route=\/wp\/v2\/pages"}],"about":[{"href":"https:\/\/www.banukalayci.com\/index.php?rest_route=\/wp\/v2\/types\/page"}],"author":[{"embeddable":true,"href":"https:\/\/www.banukalayci.com\/index.php?rest_route=\/wp\/v2\/users\/1"}],"replies":[{"embeddable":true,"href":"https:\/\/www.banukalayci.com\/index.php?rest_route=%2Fwp%2Fv2%2Fcomments&post=634"}],"version-history":[{"count":9,"href":"https:\/\/www.banukalayci.com\/index.php?rest_route=\/wp\/v2\/pages\/634\/revisions"}],"predecessor-version":[{"id":1417,"href":"https:\/\/www.banukalayci.com\/index.php?rest_route=\/wp\/v2\/pages\/634\/revisions\/1417"}],"wp:featuredmedia":[{"embeddable":true,"href":"https:\/\/www.banukalayci.com\/index.php?rest_route=\/wp\/v2\/media\/581"}],"wp:attachment":[{"href":"https:\/\/www.banukalayci.com\/index.php?rest_route=%2Fwp%2Fv2%2Fmedia&parent=634"}],"curies":[{"name":"wp","href":"https:\/\/api.w.org\/{rel}","templated":true}]}}