{"id":620,"date":"2015-08-27T01:34:45","date_gmt":"2015-08-26T22:34:45","guid":{"rendered":"https:\/\/www.banukalayci.com\/?page_id=620"},"modified":"2024-03-11T19:55:57","modified_gmt":"2024-03-11T16:55:57","slug":"yaratim-bolluk","status":"publish","type":"page","link":"https:\/\/www.banukalayci.com\/?page_id=620","title":{"rendered":"Para ve Bolluk Bilinci"},"content":{"rendered":"<div dir=\"ltr\">Konu bolluk, bereket, para oldu\u011funda ya\u015fant\u0131m\u0131zda neye sahip oldu\u011fumuz de\u011fil , sahip olduklar\u0131m\u0131z\u0131n bize ne hissettirdi\u011fi \u00f6nemli olan\u2026<\/div>\n<p>Ve ayn\u0131 \u015fekilde sahip olmad\u0131klar\u0131m\u0131z de\u011fil, sahip olmad\u0131klar\u0131m\u0131z\u0131n bize ne hissettirdikleri\u2026<\/p>\n<p>Bolluk \u00e7al\u0131\u015fmas\u0131nda:<\/p>\n<p>\u2013 Bolluk bilincinin ana temelleri,<\/p>\n<p>\u2013 Aidiyet ve sahip olma arzusunun sebeplerini olu\u015fturan inan\u00e7 kal\u0131plar\u0131,<\/p>\n<p>\u2013 \u0130nan\u00e7lar\u0131n davran\u0131\u015flarla nas\u0131l desteklendi\u011fi,<\/p>\n<p>\u2013 Sevgi, anlay\u0131\u015f, \u00f6zen, ilgi vs gibi duygular\u0131 hayat\u0131m\u0131za kabul edi\u015f ve y\u00f6neti\u015f \u015feklimiz,<\/p>\n<p>\u2013 Para ve bollu\u011fa dair inan\u00e7lar\u0131m\u0131z,<\/p>\n<p>\u2013 Kendimize verdi\u011fimiz de\u011fer &nbsp;gibi ana ba\u015fl\u0131klar \u00fczerinde \u00e7al\u0131\u015f\u0131rken,<\/p>\n<p>His alan\u0131nda bollu\u011fa a\u00e7\u0131lmak, maddi bollu\u011fu hayata katmaya izin vermek, hayat\u0131m\u0131zda halihaz\u0131rda var olan maddi ve manevi ak\u0131\u015f\u0131n fark\u0131nda olmak ve bunlar\u0131n keyfini \u00e7\u0131karabilmek, kaynaklar\u0131m\u0131z\u0131 fark edebilmek ve y\u00f6netebilmek, de\u011fi\u015fik olas\u0131l\u0131klar\u0131n fark\u0131nda varmak ve t\u00fcm di\u011fer ba\u011flant\u0131l\u0131 &nbsp;konular\u0131n \u00fczerinden ge\u00e7ilecektir\u2026<\/p>\n<p>Meditasyonlar, payla\u015f\u0131m zamanlar\u0131, temizlik s\u00fcre\u00e7leri, \u00e7e\u015fitli g\u00f6revler ve haftal\u0131k \u00e7al\u0131\u015fmalar ve her grubun ihtiyac\u0131 olana g\u00f6re &nbsp;se\u00e7ilecek egzersizlerle \u00e7al\u0131\u015f\u0131lacak s\u0131n\u0131fta , ama\u00e7 ki\u015finin kendi zenginli\u011fine&nbsp;a\u00e7\u0131labilme s\u00fcrecini ba\u015flatmak ve geli\u015ftirmektir\u2026<\/p>\n<p>E\u011flence ve keyif bolluk bilincinin en \u00f6nemli aya\u011f\u0131n\u0131 olu\u015fturdu\u011fundan, 8 haftal\u0131k s\u00fcre\u00e7 s\u00fcre\u00e7 en e\u011flenceli ve keyifli ge\u00e7ecek \u015fekilde d\u00fczenlenmi\u015ftir\u2026<\/p>\n<p>\u201dAnlar\u0131ma daha fazlas\u0131n\u0131 katmaya haz\u0131r\u0131m, hayat\u0131m\u0131 bolluk hissiyle ge\u00e7irmeyi hak ediyorum\u201d diyen ve bunu keyif, e\u011flence, mutlulukla ve zerafetle &nbsp;yapmak isteyen&nbsp;herkes i\u00e7in uygun bir \u00e7al\u0131\u015fmad\u0131r\u2026<\/p>\n<p>&nbsp;<\/p>\n<p>Para ve Bolluk Bilinci s\u0131n\u0131f\u0131 8 hafta olarak d\u00fczenlenmi\u015ftir.<\/p>\n<p>Zoom \u00fczerinden yap\u0131l\u0131r.<\/p>\n<p>Her oturum 2 saattir.<\/p>\n<p>S\u0131n\u0131fa kat\u0131lmak isteyen ki\u015filerin daha \u00f6nce Banu Kalayc\u0131 ile 8 Ders S\u0131n\u0131f\u0131 ya da Kalp Pusulas\u0131 s\u0131n\u0131f\u0131 yapm\u0131\u015f olmalar\u0131 tavsiye edilir.<\/p>\n","protected":false},"excerpt":{"rendered":"<p>Konu bolluk, bereket, para oldu\u011funda ya\u015fant\u0131m\u0131zda neye sahip oldu\u011fumuz de\u011fil , sahip olduklar\u0131m\u0131z\u0131n bize ne hissettirdi\u011fi \u00f6nemli olan\u2026 Ve ayn\u0131 \u015fekilde sahip olmad\u0131klar\u0131m\u0131z de\u011fil, sahip olmad\u0131klar\u0131m\u0131z\u0131n bize ne hissettirdikleri\u2026 Bolluk [&hellip;]<\/p>\n","protected":false},"author":1,"featured_media":617,"parent":0,"menu_order":0,"comment_status":"open","ping_status":"closed","template":"","meta":{"ngg_post_thumbnail":0,"_EventAllDay":false,"_EventTimezone":"","_EventStartDate":"","_EventEndDate":"","_EventStartDateUTC":"","_EventEndDateUTC":"","_EventShowMap":false,"_EventShowMapLink":false,"_EventURL":"","_EventCost":"","_EventCostDescription":"","_EventCurrencySymbol":"","_EventCurrencyCode":"","_EventCurrencyPosition":"","_EventDateTimeSeparator":"","_EventTimeRangeSeparator":"","_EventOrganizerID":[],"_EventVenueID":[],"_OrganizerEmail":"","_OrganizerPhone":"","_OrganizerWebsite":"","_VenueAddress":"","_VenueCity":"","_VenueCountry":"","_VenueProvince":"","_VenueState":"","_VenueZip":"","_VenuePhone":"","_VenueURL":"","_VenueStateProvince":"","_VenueLat":"","_VenueLng":"","_VenueShowMap":false,"_VenueShowMapLink":false,"footnotes":""},"class_list":["post-620","page","type-page","status-publish","has-post-thumbnail","hentry"],"_links":{"self":[{"href":"https:\/\/www.banukalayci.com\/index.php?rest_route=\/wp\/v2\/pages\/620","targetHints":{"allow":["GET"]}}],"collection":[{"href":"https:\/\/www.banukalayci.com\/index.php?rest_route=\/wp\/v2\/pages"}],"about":[{"href":"https:\/\/www.banukalayci.com\/index.php?rest_route=\/wp\/v2\/types\/page"}],"author":[{"embeddable":true,"href":"https:\/\/www.banukalayci.com\/index.php?rest_route=\/wp\/v2\/users\/1"}],"replies":[{"embeddable":true,"href":"https:\/\/www.banukalayci.com\/index.php?rest_route=%2Fwp%2Fv2%2Fcomments&post=620"}],"version-history":[{"count":8,"href":"https:\/\/www.banukalayci.com\/index.php?rest_route=\/wp\/v2\/pages\/620\/revisions"}],"predecessor-version":[{"id":2012,"href":"https:\/\/www.banukalayci.com\/index.php?rest_route=\/wp\/v2\/pages\/620\/revisions\/2012"}],"wp:featuredmedia":[{"embeddable":true,"href":"https:\/\/www.banukalayci.com\/index.php?rest_route=\/wp\/v2\/media\/617"}],"wp:attachment":[{"href":"https:\/\/www.banukalayci.com\/index.php?rest_route=%2Fwp%2Fv2%2Fmedia&parent=620"}],"curies":[{"name":"wp","href":"https:\/\/api.w.org\/{rel}","templated":true}]}}