{"id":550,"date":"2015-04-28T12:34:50","date_gmt":"2015-04-28T09:34:50","guid":{"rendered":"https:\/\/www.banukalayci.com\/?page_id=550"},"modified":"2021-03-25T22:18:55","modified_gmt":"2021-03-25T20:18:55","slug":"bireysel-seans","status":"publish","type":"page","link":"https:\/\/www.banukalayci.com\/?page_id=550","title":{"rendered":"Bireysel Seans"},"content":{"rendered":"<p>&nbsp;<\/p>\n<ul>\n<li>Hayat\u0131n\u0131zda her \u015fey yolundaysa, her \u015fey keyifte ve mutluluktaysa&#8230; Ama hayat\u0131n daha fazlas\u0131na dokunmak, daha fazlas\u0131n\u0131 i\u00e7inize \u00e7ekmek, bilinmezler merkezinizden bir k\u0131sm\u0131n\u0131 bilenenler ve uygulananlar aras\u0131na katmak arzusundaysan\u0131z&#8230; Biraz daha yeniye a\u00e7\u0131l\u0131p, ya\u015fam dengenizi daha zenginle\u015ftirmeyi hedefliyorsan\u0131z&#8230;<\/li>\n<\/ul>\n<ul>\n<li>Hayat\u0131n ko\u015fturmacas\u0131nda g\u00fczelliklerle akarken anlar\u0131n\u0131z, grup \u00e7al\u0131\u015fmalar\u0131na f\u0131rsat\u0131n\u0131z ve uygunlu\u011funuz yoksa , saatleri ve g\u00fcnleri bir t\u00fcrl\u00fc tutturam\u0131yorsan\u0131z ve asl\u0131nda grup i\u00e7inde de\u011fil bireysel \u00e7al\u0131\u015fmalara daha uygun oldu\u011funuzu d\u00fc\u015f\u00fcn\u00fcyorsan\u0131z, kendinize ay\u0131rd\u0131\u011f\u0131n\u0131z zaman\u0131 en kaliteli \u015fekilde kendinizi besleyerek ge\u00e7irmek i\u00e7in geli\u015fim haritas\u0131n\u0131 ve yap\u0131labileceklerin size uygun zamanlarda \u00fczerinden ge\u00e7mek istiyorsan\u0131z&#8230;<\/li>\n<\/ul>\n<ul>\n<li>Bir sorununuz oldu\u011funu d\u00fc\u015f\u00fcn\u00fcyorsunuz ama bir t\u00fcrl\u00fc \u00e7\u00f6z\u00fcm do\u011fru yol alam\u0131yorsan\u0131z,<\/li>\n<\/ul>\n<ul>\n<li>Buldu\u011funuz \u00e7\u00f6z\u00fcmleri yaratmak i\u00e7in yola \u00e7\u0131kacak g\u00fcc\u00fcn\u00fcz yoksa,<\/li>\n<\/ul>\n<ul>\n<li>Kendinizi s\u00fcrekli ayn\u0131 \u015feyleri yaparken buluyorsan\u0131z&#8230;<\/li>\n<\/ul>\n<ul>\n<li>T\u00fcm bunlar\u0131 yaparak istemedi\u011finiz ayn\u0131 sonu\u00e7lar\u0131 yarat\u0131yorsan\u0131z ve bu d\u00f6ng\u00fcn\u00fcn i\u00e7inden nas\u0131l \u00e7\u0131kaca\u011f\u0131n\u0131z\u0131 bilemiyorsan\u0131z,<\/li>\n<\/ul>\n<ul>\n<li>Hayat\u0131n\u0131zdaki\u00a0 ili\u015fkilerde\u00a0\u00a0 daha fazla huzur, keyif ve e\u011flence istiyorsan\u0131z&#8230;<\/li>\n<\/ul>\n<p style=\"padding-left: 30px;\">\u00a0a\u015fa\u011f\u0131daki numaradan ileti\u015fime ge\u00e7ebilirsiniz&#8230;.<\/p>\n<p style=\"padding-left: 30px;\"><strong>Bilgi ve kay\u0131t i\u00e7in :<\/strong><\/p>\n<p style=\"padding-left: 30px;\"><strong>05322627716<\/strong><strong><br \/>\n<strong>ruhunuzladans.info@gmail.com<\/strong><\/strong><\/p>\n","protected":false},"excerpt":{"rendered":"<p>&nbsp; Hayat\u0131n\u0131zda her \u015fey yolundaysa, her \u015fey keyifte ve mutluluktaysa&#8230; Ama hayat\u0131n daha fazlas\u0131na dokunmak, daha fazlas\u0131n\u0131 i\u00e7inize \u00e7ekmek, bilinmezler merkezinizden bir k\u0131sm\u0131n\u0131 bilenenler ve uygulananlar aras\u0131na katmak arzusundaysan\u0131z&#8230; Biraz [&hellip;]<\/p>\n","protected":false},"author":1,"featured_media":660,"parent":40,"menu_order":0,"comment_status":"open","ping_status":"closed","template":"","meta":{"ngg_post_thumbnail":0,"_EventAllDay":false,"_EventTimezone":"","_EventStartDate":"","_EventEndDate":"","_EventStartDateUTC":"","_EventEndDateUTC":"","_EventShowMap":false,"_EventShowMapLink":false,"_EventURL":"","_EventCost":"","_EventCostDescription":"","_EventCurrencySymbol":"","_EventCurrencyCode":"","_EventCurrencyPosition":"","_EventDateTimeSeparator":"","_EventTimeRangeSeparator":"","_EventOrganizerID":[],"_EventVenueID":[],"_OrganizerEmail":"","_OrganizerPhone":"","_OrganizerWebsite":"","_VenueAddress":"","_VenueCity":"","_VenueCountry":"","_VenueProvince":"","_VenueState":"","_VenueZip":"","_VenuePhone":"","_VenueURL":"","_VenueStateProvince":"","_VenueLat":"","_VenueLng":"","_VenueShowMap":false,"_VenueShowMapLink":false,"footnotes":""},"class_list":["post-550","page","type-page","status-publish","has-post-thumbnail","hentry"],"_links":{"self":[{"href":"https:\/\/www.banukalayci.com\/index.php?rest_route=\/wp\/v2\/pages\/550","targetHints":{"allow":["GET"]}}],"collection":[{"href":"https:\/\/www.banukalayci.com\/index.php?rest_route=\/wp\/v2\/pages"}],"about":[{"href":"https:\/\/www.banukalayci.com\/index.php?rest_route=\/wp\/v2\/types\/page"}],"author":[{"embeddable":true,"href":"https:\/\/www.banukalayci.com\/index.php?rest_route=\/wp\/v2\/users\/1"}],"replies":[{"embeddable":true,"href":"https:\/\/www.banukalayci.com\/index.php?rest_route=%2Fwp%2Fv2%2Fcomments&post=550"}],"version-history":[{"count":10,"href":"https:\/\/www.banukalayci.com\/index.php?rest_route=\/wp\/v2\/pages\/550\/revisions"}],"predecessor-version":[{"id":1693,"href":"https:\/\/www.banukalayci.com\/index.php?rest_route=\/wp\/v2\/pages\/550\/revisions\/1693"}],"up":[{"embeddable":true,"href":"https:\/\/www.banukalayci.com\/index.php?rest_route=\/wp\/v2\/pages\/40"}],"wp:featuredmedia":[{"embeddable":true,"href":"https:\/\/www.banukalayci.com\/index.php?rest_route=\/wp\/v2\/media\/660"}],"wp:attachment":[{"href":"https:\/\/www.banukalayci.com\/index.php?rest_route=%2Fwp%2Fv2%2Fmedia&parent=550"}],"curies":[{"name":"wp","href":"https:\/\/api.w.org\/{rel}","templated":true}]}}