{"id":48,"date":"2014-10-30T11:50:13","date_gmt":"2014-10-30T09:50:13","guid":{"rendered":"https:\/\/www.banukalayci.com\/?page_id=48"},"modified":"2020-05-08T19:43:11","modified_gmt":"2020-05-08T16:43:11","slug":"dunyalari-ben-yarattim","status":"publish","type":"page","link":"https:\/\/www.banukalayci.com\/?page_id=48","title":{"rendered":"D\u00fcnyalar\u0131 Ben Yaratt\u0131m"},"content":{"rendered":"<p><a href=\"https:\/\/www.banukalayci.com\/wp-content\/uploads\/2014\/10\/dunyalari_ben_yarattim.jpeg\"><img loading=\"lazy\" decoding=\"async\" class=\"aligncenter size-full wp-image-1615\" src=\"https:\/\/www.banukalayci.com\/wp-content\/uploads\/2014\/10\/dunyalari_ben_yarattim.jpeg\" alt=\"dunyalari_ben_yarattim\" width=\"960\" height=\"640\" srcset=\"https:\/\/www.banukalayci.com\/wp-content\/uploads\/2014\/10\/dunyalari_ben_yarattim.jpeg 960w, https:\/\/www.banukalayci.com\/wp-content\/uploads\/2014\/10\/dunyalari_ben_yarattim-300x200.jpeg 300w, https:\/\/www.banukalayci.com\/wp-content\/uploads\/2014\/10\/dunyalari_ben_yarattim-800x533.jpeg 800w\" sizes=\"auto, (max-width: 960px) 100vw, 960px\" \/><\/a><\/p>\n<p><strong>D\u00fcnyalar\u0131 Ben Yaratt\u0131m<\/strong><\/p>\n<p>Banu Kalayc\u0131<\/p>\n<p>\u201c Hayat diye bize sunulan\u0131n ard\u0131nda, bamba\u015fka bir hayat var.\u201d desem size?<br \/>\n\u201cHi\u00e7bir \u015fey, asl\u0131nda d\u00fc\u015f\u00fcnd\u00fc\u011f\u00fcn\u00fcz gibi de\u011fil.\u201d desem?<br \/>\nYa da abartsam\u2026<br \/>\n\u201cAsl\u0131nda her \u015fey d\u00fc\u015f\u00fcnd\u00fc\u011f\u00fcn\u00fcz gibi.\u201d desem? \u201cVe e\u011fer g\u00fcn olur da sadece d\u00fc\u015f\u00fcnceleriniz de\u011fi\u015firse, hayat\u0131n\u0131z da onlarla b\u00fcy\u00fck bir h\u0131zla de\u011fi\u015fecektir.\u201d diye eklesem?<br \/>\nElinizde tuttu\u011funuz bu kitap, sadece bununla ilgili\u2026 Ger\u00e7ek oldu\u011funu sand\u0131klar\u0131n\u0131z\u0131 size sorgulatmak, ger\u00e7ekli\u011finizin \u00e7er\u00e7evesini bir daha belirlemenize yard\u0131mc\u0131 olmak, yeni ger\u00e7ekli\u011finizi yaratabilece\u011finizi s\u00f6ylemek, bunu can\u0131n\u0131z s\u0131k\u0131ld\u0131k\u00e7a tekrar tekrar yaparken i\u015finizi kolayla\u015ft\u0131rmakla ilgili\u2026<br \/>\n&#8211; Banu Kalayc\u0131<\/p>\n<p><strong>HAYAT KAR\u0130YER\u0130\u2026<\/strong><br \/>\nBu kitap ya\u015fad\u0131\u011f\u0131m\u0131z d\u00fcnyada hayat\u0131, ba\u015far\u0131y\u0131, mutlulu\u011fu, sevgiyi anlamak ve yapmak isteyenlerin, k\u0131saca hayat kariyeri merakl\u0131lar\u0131n\u0131n bir ba\u015fucu el kitab\u0131d\u0131r.<br \/>\nAnnelikle kutsanm\u0131\u015f sevgi dolu bir kalbe sahip biri taraf\u0131ndan sevgiyle yaz\u0131lm\u0131\u015ft\u0131r. \u0130nsan olmay\u0131 anlayabilmeyi, insano\u011fluluktan insanl\u0131\u011fa y\u00fckselebilmeyi kendine hedef alan birinin deneyimleri, g\u00f6zlemleri ve kendi hayat kariyeri boyunca elde ettiklerinin bir yans\u0131mas\u0131d\u0131r.<br \/>\nOkuduk\u00e7a kendinizden \u00e7ok \u015fey bulaca\u011f\u0131n\u0131z, tek ba\u015f\u0131n\u0131za olmad\u0131\u011f\u0131n\u0131z\u0131 anla\u00adyaca\u011f\u0131n\u0131z, bazen dost ac\u0131 s\u00f6yler hesab\u0131 en keskin ger\u00e7ekleri kendimizi kand\u0131rmamam\u0131z i\u00e7in bize sunmaktan \u00e7ekinmeyen ama her durumda sevgi dolu bir hayat kariyeri kitab\u0131\u2026<br \/>\nKendi hayat kariyerim s\u0131ras\u0131nda devam etti\u011fim derslerdeki s\u0131ra arkada\u015f\u0131mdan\u2026 T\u00fcm sevgimle okuman\u0131z\u0131 tavsiye ediyorum&#8230;<br \/>\n&#8211; Merve \u0130ldeniz<\/p>\n<p>Kitab\u0131 okumak isterseniz;<\/p>\n<p><a title=\"D\u00fcnyalar\u0131 Ben Yaratt\u0131m- B\u00f6l\u00fcm 1. ( \u00dc\u00e7l\u00fc Sistem )\" href=\"https:\/\/www.banukalayci.com\/?p=1163\">https:\/\/www.banukalayci.com\/?p=1212<\/a>\u00a0B\u00f6l\u00fcm 1 i\u00e7in t\u0131klay\u0131n\u0131z<\/p>\n<p><a title=\"D\u00fcnyalar\u0131 Ben Yaratt\u0131m\u2026 2. B\u00f6l\u00fcm. ( D\u00fc\u015f\u00fcnce Kal\u0131plar\u0131 )\" href=\"https:\/\/www.banukalayci.com\/?p=1167\">https:\/\/www.banukalayci.com\/?p=1212<\/a>\u00a0B\u00f6l\u00fcm 2 i\u00e7in t\u0131klay\u0131n\u0131z<\/p>\n<p><a title=\"D\u00fcnyalar\u0131 Ben Yaratt\u0131m\u2026 3. B\u00f6l\u00fcm. ( Evrensel Hipnoz )\" href=\"https:\/\/www.banukalayci.com\/?p=1175\">https:\/\/www.banukalayci.com\/?p=1212<\/a>\u00a0B\u00f6l\u00fcm 3 i\u00e7in t\u0131klay\u0131n\u0131z<\/p>\n<p><a title=\"D\u00fcnyalar\u0131 Ben Yaratt\u0131m\u2026 B\u00f6l\u00fcm 4. ( \u0130nan\u00e7 Kal\u0131plar\u0131 )\" href=\"https:\/\/www.banukalayci.com\/?p=1178\">https:\/\/www.banukalayci.com\/?p=1212<\/a>\u00a0B\u00f6l\u00fcm 4 i\u00e7in t\u0131klay\u0131n\u0131z<\/p>\n<p><a title=\"D\u00fcnyalar\u0131 ben Yaratt\u0131m\u2026 B\u00f6l\u00fcm 5. ( H\u00fccre Haf\u0131zas\u0131)\" href=\"https:\/\/www.banukalayci.com\/?p=1180\">https:\/\/www.banukalayci.com\/?p=1212<\/a>\u00a0B\u00f6l\u00fcm 5 i\u00e7in t\u0131klay\u0131n\u0131z<\/p>\n<p><a title=\"D\u00fcnyalar\u0131 Ben Yaratt\u0131m\u2026 B\u00f6l\u00fcm 6. ( Madde Haf\u0131zas\u0131)\" href=\"https:\/\/www.banukalayci.com\/?p=1190\">https:\/\/www.banukalayci.com\/?p=1212<\/a>\u00a0B\u00f6l\u00fcm 6 i\u00e7in t\u0131klay\u0131n\u0131z<\/p>\n<p><a title=\"D\u00fcnyalar\u0131 Ben Yaratt\u0131m \u2026 B\u00f6l\u00fcm 7. ( Ego- \u015e\u00fckran- Olumlu D\u00fc\u015f\u00fcnme- D\u00fc\u015f\u00fcnememe Hali)\" href=\"https:\/\/www.banukalayci.com\/?p=1201\">https:\/\/www.banukalayci.com\/?p=1212<\/a>\u00a0B\u00f6l\u00fcm 7 i\u00e7in t\u0131klay\u0131n\u0131z<\/p>\n<p><a title=\"D\u00fcnyalar\u0131 Ben Yaratt\u0131m\u2026 B\u00f6l\u00fcm 8. ( \u00c7akralar )\" href=\"https:\/\/www.banukalayci.com\/?p=1203\">https:\/\/www.banukalayci.com\/?p=1212<\/a>\u00a0B\u00f6l\u00fcm 8 i\u00e7in t\u0131klay\u0131n\u0131z<\/p>\n<p><a title=\"D\u00fcnyalar\u0131 Ben Yaratt\u0131m\u2026 B\u00f6l\u00fcm 9.\" href=\"https:\/\/www.banukalayci.com\/?p=1205\">https:\/\/www.banukalayci.com\/?p=1212<\/a>\u00a0B\u00f6l\u00fcm 9 i\u00e7in t\u0131klay\u0131n\u0131z<\/p>\n<p><a title=\"D\u00fcnyalar\u0131 Ben Yaratt\u0131m\u2026 B\u00f6l\u00fcm 10. ( Kemirgen Duygular )\" href=\"https:\/\/www.banukalayci.com\/?p=1207\">https:\/\/www.banukalayci.com\/?p=1212<\/a>\u00a0B\u00f6l\u00fcm 10 i\u00e7in t\u0131klay\u0131n\u0131z<\/p>\n<p><a title=\"D\u00fcnyalar\u0131 Ben Yaratt\u0131m\u2026  B\u00f6l\u00fcm 11. ( Manip\u00fclasyon )\" href=\"https:\/\/www.banukalayci.com\/?p=1210\">https:\/\/www.banukalayci.com\/?p=1212<\/a>\u00a0B\u00f6l\u00fcm 11 i\u00e7in t\u0131klay\u0131n\u0131z<\/p>\n<p><a title=\"D\u00fcnyalar\u0131 Ben Yaratt\u0131m\u2026 B\u00f6l\u00fcm 12. Son B\u00f6l\u00fcm ( Genel Bilgiler Ve Merve\u2019cim Son S\u00f6z )\" href=\"https:\/\/www.banukalayci.com\/?p=1212\">https:\/\/www.banukalayci.com\/?p=1212<\/a>\u00a0B\u00f6l\u00fcm 12 i\u00e7in t\u0131klay\u0131n\u0131z<\/p>\n","protected":false},"excerpt":{"rendered":"<p>D\u00fcnyalar\u0131 Ben Yaratt\u0131m Banu Kalayc\u0131 \u201c Hayat diye bize sunulan\u0131n ard\u0131nda, bamba\u015fka bir hayat var.\u201d desem size? \u201cHi\u00e7bir \u015fey, asl\u0131nda d\u00fc\u015f\u00fcnd\u00fc\u011f\u00fcn\u00fcz gibi de\u011fil.\u201d desem? Ya da abartsam\u2026 \u201cAsl\u0131nda her \u015fey [&hellip;]<\/p>\n","protected":false},"author":1,"featured_media":1590,"parent":0,"menu_order":0,"comment_status":"open","ping_status":"open","template":"","meta":{"ngg_post_thumbnail":0,"_EventAllDay":false,"_EventTimezone":"","_EventStartDate":"","_EventEndDate":"","_EventStartDateUTC":"","_EventEndDateUTC":"","_EventShowMap":false,"_EventShowMapLink":false,"_EventURL":"","_EventCost":"","_EventCostDescription":"","_EventCurrencySymbol":"","_EventCurrencyCode":"","_EventCurrencyPosition":"","_EventDateTimeSeparator":"","_EventTimeRangeSeparator":"","_EventOrganizerID":[],"_EventVenueID":[],"_OrganizerEmail":"","_OrganizerPhone":"","_OrganizerWebsite":"","_VenueAddress":"","_VenueCity":"","_VenueCountry":"","_VenueProvince":"","_VenueState":"","_VenueZip":"","_VenuePhone":"","_VenueURL":"","_VenueStateProvince":"","_VenueLat":"","_VenueLng":"","_VenueShowMap":false,"_VenueShowMapLink":false,"footnotes":""},"class_list":["post-48","page","type-page","status-publish","has-post-thumbnail","hentry"],"_links":{"self":[{"href":"https:\/\/www.banukalayci.com\/index.php?rest_route=\/wp\/v2\/pages\/48","targetHints":{"allow":["GET"]}}],"collection":[{"href":"https:\/\/www.banukalayci.com\/index.php?rest_route=\/wp\/v2\/pages"}],"about":[{"href":"https:\/\/www.banukalayci.com\/index.php?rest_route=\/wp\/v2\/types\/page"}],"author":[{"embeddable":true,"href":"https:\/\/www.banukalayci.com\/index.php?rest_route=\/wp\/v2\/users\/1"}],"replies":[{"embeddable":true,"href":"https:\/\/www.banukalayci.com\/index.php?rest_route=%2Fwp%2Fv2%2Fcomments&post=48"}],"version-history":[{"count":10,"href":"https:\/\/www.banukalayci.com\/index.php?rest_route=\/wp\/v2\/pages\/48\/revisions"}],"predecessor-version":[{"id":1618,"href":"https:\/\/www.banukalayci.com\/index.php?rest_route=\/wp\/v2\/pages\/48\/revisions\/1618"}],"wp:featuredmedia":[{"embeddable":true,"href":"https:\/\/www.banukalayci.com\/index.php?rest_route=\/wp\/v2\/media\/1590"}],"wp:attachment":[{"href":"https:\/\/www.banukalayci.com\/index.php?rest_route=%2Fwp%2Fv2%2Fmedia&parent=48"}],"curies":[{"name":"wp","href":"https:\/\/api.w.org\/{rel}","templated":true}]}}