{"id":1906,"date":"2023-04-04T13:04:04","date_gmt":"2023-04-04T10:04:04","guid":{"rendered":"https:\/\/www.banukalayci.com\/?page_id=1906"},"modified":"2023-05-02T15:39:18","modified_gmt":"2023-05-02T12:39:18","slug":"disil-eril-enerji","status":"publish","type":"page","link":"https:\/\/www.banukalayci.com\/?page_id=1906","title":{"rendered":"Di\u015fil&#038; Eril Enerji"},"content":{"rendered":"\n<p>Bu \u00c7al\u0131\u015fma G\u00fcn\u00fcm\u00fcz\u00fcn D\u00fcnyas\u0131nda;<\/p>\n\n\n\n<p>-Di\u015fil &amp; Eril Enerji dengelerini tekrar g\u00f6zden ge\u00e7irmek,<\/p>\n\n\n\n<p>\u2013 uyuma, keyfe, bollu\u011fa, e\u011flenceye, co\u015fkuya, huzura, ne\u015feye, hazza kendimizi daha \u00e7ok a\u00e7abilmek,<\/p>\n\n\n\n<p>\u2013 kendi ger\u00e7ekli\u011fimizi daha kolayl\u0131kla ya\u015famaya a\u00e7\u0131labilmek,<\/p>\n\n\n\n<p>\u2013 di\u015fil \u2013 eril yanlar\u0131m\u0131z\u0131 daha potansiyelinde kullanabilmek,<\/p>\n\n\n\n<p>\u2013 ili\u015fkilerimizde daha ahenk i\u00e7inde akabilmek,<\/p>\n\n\n\n<p>\u2013 ili\u015fki dinamiklerini anlayabilmek,<\/p>\n\n\n\n<p>\u2013 yeni bak\u0131\u015f a\u00e7\u0131lar\u0131- deneyim ve bilgiyle hem kendimizin hem de hayat\u0131n daha fazlas\u0131nda huzurlu bir co\u015fkuyla var olabilmeyi hedefleyerek haz\u0131rlanm\u0131\u015ft\u0131r. Hayat\u0131nda ve ili\u015fkilerinde daha fazla uyum, denge, bolluk ve kolayl\u0131k isteyen herkesin maksimum faydas\u0131 hedeflenmektedir.<\/p>\n","protected":false},"excerpt":{"rendered":"<p>Bu \u00c7al\u0131\u015fma G\u00fcn\u00fcm\u00fcz\u00fcn D\u00fcnyas\u0131nda; -Di\u015fil &amp; Eril Enerji dengelerini tekrar g\u00f6zden ge\u00e7irmek, \u2013 uyuma, keyfe, bollu\u011fa, e\u011flenceye, co\u015fkuya, huzura, ne\u015feye, hazza kendimizi daha \u00e7ok a\u00e7abilmek, \u2013 kendi ger\u00e7ekli\u011fimizi daha kolayl\u0131kla [&hellip;]<\/p>\n","protected":false},"author":1,"featured_media":0,"parent":40,"menu_order":0,"comment_status":"open","ping_status":"closed","template":"","meta":{"ngg_post_thumbnail":0,"_EventAllDay":false,"_EventTimezone":"","_EventStartDate":"","_EventEndDate":"","_EventStartDateUTC":"","_EventEndDateUTC":"","_EventShowMap":false,"_EventShowMapLink":false,"_EventURL":"","_EventCost":"","_EventCostDescription":"","_EventCurrencySymbol":"","_EventCurrencyCode":"","_EventCurrencyPosition":"","_EventDateTimeSeparator":"","_EventTimeRangeSeparator":"","_EventOrganizerID":[],"_EventVenueID":[],"_OrganizerEmail":"","_OrganizerPhone":"","_OrganizerWebsite":"","_VenueAddress":"","_VenueCity":"","_VenueCountry":"","_VenueProvince":"","_VenueState":"","_VenueZip":"","_VenuePhone":"","_VenueURL":"","_VenueStateProvince":"","_VenueLat":"","_VenueLng":"","_VenueShowMap":false,"_VenueShowMapLink":false,"footnotes":""},"class_list":["post-1906","page","type-page","status-publish","hentry"],"_links":{"self":[{"href":"https:\/\/www.banukalayci.com\/index.php?rest_route=\/wp\/v2\/pages\/1906","targetHints":{"allow":["GET"]}}],"collection":[{"href":"https:\/\/www.banukalayci.com\/index.php?rest_route=\/wp\/v2\/pages"}],"about":[{"href":"https:\/\/www.banukalayci.com\/index.php?rest_route=\/wp\/v2\/types\/page"}],"author":[{"embeddable":true,"href":"https:\/\/www.banukalayci.com\/index.php?rest_route=\/wp\/v2\/users\/1"}],"replies":[{"embeddable":true,"href":"https:\/\/www.banukalayci.com\/index.php?rest_route=%2Fwp%2Fv2%2Fcomments&post=1906"}],"version-history":[{"count":1,"href":"https:\/\/www.banukalayci.com\/index.php?rest_route=\/wp\/v2\/pages\/1906\/revisions"}],"predecessor-version":[{"id":1907,"href":"https:\/\/www.banukalayci.com\/index.php?rest_route=\/wp\/v2\/pages\/1906\/revisions\/1907"}],"up":[{"embeddable":true,"href":"https:\/\/www.banukalayci.com\/index.php?rest_route=\/wp\/v2\/pages\/40"}],"wp:attachment":[{"href":"https:\/\/www.banukalayci.com\/index.php?rest_route=%2Fwp%2Fv2%2Fmedia&parent=1906"}],"curies":[{"name":"wp","href":"https:\/\/api.w.org\/{rel}","templated":true}]}}