{"id":1904,"date":"2023-04-04T12:59:51","date_gmt":"2023-04-04T09:59:51","guid":{"rendered":"https:\/\/www.banukalayci.com\/?page_id=1904"},"modified":"2023-05-02T15:39:28","modified_gmt":"2023-05-02T12:39:28","slug":"ask-iliskiler","status":"publish","type":"page","link":"https:\/\/www.banukalayci.com\/?page_id=1904","title":{"rendered":"A\u015fk &amp; \u0130li\u015fkiler"},"content":{"rendered":"\n<p>Di\u015fil &amp; Eril Enerji \u00c7al\u0131\u015fmas\u0131n\u0131 yapt\u0131\u011f\u0131m\u0131z S\u0131n\u0131f\u0131m\u0131zdan hemen sonra a\u00e7may\u0131 hedefledi\u011fimiz bu s\u0131n\u0131f \u00e7al\u0131\u015fmas\u0131nda;<\/p>\n\n\n\n<ul class=\"wp-block-list\">\n<li>A\u015fk nedir? A\u015fk tan\u0131mlar\u0131 ki\u015fiye g\u00f6re nas\u0131l de\u011fi\u015fir,<\/li>\n\n\n\n<li>Beklentiler ve varsay\u0131mlar nas\u0131l y\u00f6netilmelidir,<\/li>\n\n\n\n<li>Ki\u015fisel b\u00fct\u00fcnl\u00fck ili\u015fkide ne kadar \u00f6nemlidir,<\/li>\n\n\n\n<li>\u0130htiya\u00e7 ili\u015fkileri ile, b\u00fct\u00fcnl\u00fck payla\u015f\u0131m\u0131 ili\u015fkisi aras\u0131ndaki farklar nelerdir,<\/li>\n\n\n\n<li>\u0130li\u015fkide kar\u015f\u0131la\u015f\u0131labilecek en belirgin sorunlar neler olabilir,<\/li>\n\n\n\n<li>\u0130li\u015fkide kar\u015f\u0131la\u015f\u0131labilecek gizli sorunlar neler olabilir,<\/li>\n\n\n\n<li>\u0130li\u015fkinin ki\u015fisel b\u00fcy\u00fcmeye etkileri nas\u0131l y\u00f6netilebilir,<\/li>\n\n\n\n<li>\u0130li\u015fkide olmak i\u00e7in bedel \u00f6demesi gerekti\u011fini d\u00fc\u015f\u00fcnen ki\u015finin, ili\u015fki i\u00e7inde kalmak i\u00e7in ki\u015finin \u00f6dedi\u011fi bedeller neler olabilir ve ki\u015fi hangi bedellerle ili\u015fkide kalmay\u0131 se\u00e7mekte olabilir,<\/li>\n\n\n\n<li>\u00d6zg\u00fcven, \u00f6z de\u011fer, \u00f6z fark\u0131ndal\u0131k, ve \u00f6ze dair her \u015feyin mutlu bir ili\u015fkideki etkileri nelerdir ve nas\u0131l geli\u015ftirilmelidir,<\/li>\n\n\n\n<li>\u0130li\u015fkide alan tutmak ne demektir,<\/li>\n\n\n\n<li>A\u015fka dair negatif inan\u00e7 kal\u0131plar\u0131n\u0131n ger\u00e7ekli\u011fini sorgulamak neden de\u011ferlidir,<\/li>\n\n\n\n<li>Aile ve ki\u015finin b\u00fcy\u00fcd\u00fc\u011f\u00fc ortam ger\u00e7ekten ili\u015fkide kaderi midir\u2026<\/li>\n<\/ul>\n\n\n\n<p>gibi gibi bir \u00e7ok soru ve konunun \u00fczerinden ge\u00e7ece\u011fimiz bu \u00e7al\u0131\u015fmaya hayat\u0131na sevgi dolu ili\u015fki \u00e7ekmek ve ili\u015fkisini ya\u015farken keyifle, bitirirken a\u015fkla ve \u015f\u00fckranla bitirmeyi hedefleyen herkes davetlidir ve kat\u0131labilir\u2026<\/p>\n","protected":false},"excerpt":{"rendered":"<p>Di\u015fil &amp; Eril Enerji \u00c7al\u0131\u015fmas\u0131n\u0131 yapt\u0131\u011f\u0131m\u0131z S\u0131n\u0131f\u0131m\u0131zdan hemen sonra a\u00e7may\u0131 hedefledi\u011fimiz bu s\u0131n\u0131f \u00e7al\u0131\u015fmas\u0131nda; gibi gibi bir \u00e7ok soru ve konunun \u00fczerinden ge\u00e7ece\u011fimiz bu \u00e7al\u0131\u015fmaya hayat\u0131na sevgi dolu ili\u015fki \u00e7ekmek [&hellip;]<\/p>\n","protected":false},"author":1,"featured_media":0,"parent":40,"menu_order":0,"comment_status":"open","ping_status":"closed","template":"","meta":{"ngg_post_thumbnail":0,"_EventAllDay":false,"_EventTimezone":"","_EventStartDate":"","_EventEndDate":"","_EventStartDateUTC":"","_EventEndDateUTC":"","_EventShowMap":false,"_EventShowMapLink":false,"_EventURL":"","_EventCost":"","_EventCostDescription":"","_EventCurrencySymbol":"","_EventCurrencyCode":"","_EventCurrencyPosition":"","_EventDateTimeSeparator":"","_EventTimeRangeSeparator":"","_EventOrganizerID":[],"_EventVenueID":[],"_OrganizerEmail":"","_OrganizerPhone":"","_OrganizerWebsite":"","_VenueAddress":"","_VenueCity":"","_VenueCountry":"","_VenueProvince":"","_VenueState":"","_VenueZip":"","_VenuePhone":"","_VenueURL":"","_VenueStateProvince":"","_VenueLat":"","_VenueLng":"","_VenueShowMap":false,"_VenueShowMapLink":false,"footnotes":""},"class_list":["post-1904","page","type-page","status-publish","hentry"],"_links":{"self":[{"href":"https:\/\/www.banukalayci.com\/index.php?rest_route=\/wp\/v2\/pages\/1904","targetHints":{"allow":["GET"]}}],"collection":[{"href":"https:\/\/www.banukalayci.com\/index.php?rest_route=\/wp\/v2\/pages"}],"about":[{"href":"https:\/\/www.banukalayci.com\/index.php?rest_route=\/wp\/v2\/types\/page"}],"author":[{"embeddable":true,"href":"https:\/\/www.banukalayci.com\/index.php?rest_route=\/wp\/v2\/users\/1"}],"replies":[{"embeddable":true,"href":"https:\/\/www.banukalayci.com\/index.php?rest_route=%2Fwp%2Fv2%2Fcomments&post=1904"}],"version-history":[{"count":1,"href":"https:\/\/www.banukalayci.com\/index.php?rest_route=\/wp\/v2\/pages\/1904\/revisions"}],"predecessor-version":[{"id":1905,"href":"https:\/\/www.banukalayci.com\/index.php?rest_route=\/wp\/v2\/pages\/1904\/revisions\/1905"}],"up":[{"embeddable":true,"href":"https:\/\/www.banukalayci.com\/index.php?rest_route=\/wp\/v2\/pages\/40"}],"wp:attachment":[{"href":"https:\/\/www.banukalayci.com\/index.php?rest_route=%2Fwp%2Fv2%2Fmedia&parent=1904"}],"curies":[{"name":"wp","href":"https:\/\/api.w.org\/{rel}","templated":true}]}}