{"id":1626,"date":"2020-05-08T20:00:08","date_gmt":"2020-05-08T17:00:08","guid":{"rendered":"https:\/\/www.banukalayci.com\/?page_id=1626"},"modified":"2023-01-16T15:01:10","modified_gmt":"2023-01-16T12:01:10","slug":"21-gunun-sihrinde-aliskanlik-yaratimlari","status":"publish","type":"page","link":"https:\/\/www.banukalayci.com\/?page_id=1626","title":{"rendered":"Beden Fark\u0131ndal\u0131\u011f\u0131"},"content":{"rendered":"<p>Ad\u0131 ister Ki\u015fisel Geli\u015fim olsun, ister Enerji \u00c7al\u0131\u015fmas\u0131, ki\u015fi kendi \u00fczerinde \u00e7al\u0131\u015f\u0131rken bedeni g\u00f6z ard\u0131 etmedi\u011fine emin olmal\u0131d\u0131r.<\/p>\n<p>A\u015fk- \u00d6zg\u00fcrl\u00fck &#8211; Para- Huzur- Keyif- Haz- Co\u015fku&#8230; Akl\u0131n\u0131za gelen t\u00fcm duygular arzuyla ya\u015famak istedi\u011fimiz&#8230; Beden izin verdi\u011fi s\u00fcrece hissedilecektir&#8230; Beden \u00e7al\u0131\u015fmalar\u0131 , ruhani \u00e7al\u0131\u015fmalar\u0131n b\u00fct\u00fcn\u00fcnde bu sebeple \u00e7ok \u00f6nemli yer tutmaktad\u0131r.<\/p>\n<p>&#8216;Ben&#8217; dedi\u011fimiz \u015feyin karma\u015fas\u0131nda Zihin &#8211; Beden &#8211; ve Duygularla \u00f6r\u00fcl\u00fc bedenin yolculu\u011funa kost\u00fcml\u00fck yapt\u0131\u011f\u0131 muhte\u015fem Ruhsal varl\u0131\u011f\u0131n \u00f6z bilincini d\u00fcnyaya getirebilmesi ve iki baca\u011f\u0131n\u0131n \u00fczerinde d\u00fcnyada y\u00fcr\u00fctebilmesi i\u00e7in Beden ile \u00e7al\u0131\u015fmak elzem ve \u00f6nemlidir.<\/p>\n<p>Bu fark\u0131ndal\u0131\u011f\u0131 geni\u015fletmek, artt\u0131rmak, deneyimlemek, g\u00fcn\u00fcm\u00fcz\u00fcn g\u00fcncelinde ya\u015famak i\u00e7in hedeflenen bu s\u0131n\u0131f \u00e7al\u0131\u015fmas\u0131nda;<\/p>\n<p>-Bedenin ihtiya\u00e7lar\u0131,<\/p>\n<p>-Bedenin enerjiyi tutma ve koruma \u015fekilleri,<\/p>\n<p>-Anda olma, an\u0131 ya\u015fama, andal\u0131\u011f\u0131 sabit k\u0131labilme ,vs konular\u0131nda bedenin \u00f6nemi,<\/p>\n<p>&#8211; Beslenme al\u0131\u015fkanl\u0131klar\u0131 ve bedeni etkileme \u015fekilleri,<\/p>\n<p>&#8211; Hayatsal al\u0131\u015fkanl\u0131klar\u0131n bedene i\u015fleyi\u015fi ve bu al\u0131\u015fkanl\u0131klar\u0131 yeniden yap\u0131land\u0131rabilme et\u00fcdleri,<\/p>\n<p>&#8211; Bedende tutulan su haf\u0131zas\u0131 ve bunun ya\u015famsal yans\u0131malar\u0131,<\/p>\n<p>&#8211; D\u00fc\u015f\u00fcnsel al\u0131\u015fkanl\u0131klarda bedende tutulanlar\u0131n \u00f6nemi,<\/p>\n<p>&#8211; Duygusal y\u00f6netim ve y\u00f6netimsizlikte bedenin katk\u0131lar\u0131,<\/p>\n<p>-Ki\u015finin bedenine olan sevgi ve \u015fefkat ve be\u011fenisini artt\u0131rabilme becerisini geli\u015ftirme,<\/p>\n<p>&#8211; Ya\u015famsal ortamlarda madde haf\u0131zas\u0131n\u0131n bedene etkileri,<\/p>\n<p>&#8211; G\u00fcnl\u00fck rutinlerin yeniden belirlenmesi ve sa\u011fl\u0131kl\u0131 \u00a0ve kaliteli bir hayat\u0131n zeminini olu\u015fturman\u0131n \u00f6nemi,<\/p>\n<p>&#8211; Bedensel hastal\u0131klar ve bu hastal\u0131klar\u0131n enerji \u00e7\u00f6z\u00fcl\u00fcmleri ve \u015fifaland\u0131rma teknikleri,<\/p>\n<p>&#8211; Beslenmenin beden fark\u0131ndal\u0131\u011f\u0131ndaki \u00f6nemi gibi konular \u00fczerinde \u00e7al\u0131\u015f\u0131yor olaca\u011f\u0131z&#8230;<\/p>\n<p>Bolca bilgi ve verilen bilgilerin hayat\u0131n i\u00e7inde deneyime d\u00f6n\u00fc\u015fmesini hedefleyen s\u0131n\u0131f \u00e7al\u0131\u015fmas\u0131na kendi \u00fczerinde \u00e7al\u0131\u015fan, hayat\u0131n\u0131 her anlamda daha kaliteli duygularla ya\u015famaya adam\u0131\u015f, bedenini sevmeye kendini a\u00e7an, i\u00e7inde ya\u015fad\u0131\u011f\u0131 insan kost\u00fcm\u00fcn\u00fcn muazzaml\u0131\u011f\u0131n\u0131 g\u00f6r\u00fcp ruhsal fark\u0131ndal\u0131\u011f\u0131n\u0131 daha \u00e7ok deneyimlemeyi se\u00e7en herkes davetlidir ve kat\u0131labilir&#8230;<\/p>\n","protected":false},"excerpt":{"rendered":"<p>Ad\u0131 ister Ki\u015fisel Geli\u015fim olsun, ister Enerji \u00c7al\u0131\u015fmas\u0131, ki\u015fi kendi \u00fczerinde \u00e7al\u0131\u015f\u0131rken bedeni g\u00f6z ard\u0131 etmedi\u011fine emin olmal\u0131d\u0131r. A\u015fk- \u00d6zg\u00fcrl\u00fck &#8211; Para- Huzur- Keyif- Haz- Co\u015fku&#8230; Akl\u0131n\u0131za gelen t\u00fcm duygular [&hellip;]<\/p>\n","protected":false},"author":1,"featured_media":1621,"parent":0,"menu_order":0,"comment_status":"open","ping_status":"closed","template":"","meta":{"ngg_post_thumbnail":0,"_EventAllDay":false,"_EventTimezone":"","_EventStartDate":"","_EventEndDate":"","_EventStartDateUTC":"","_EventEndDateUTC":"","_EventShowMap":false,"_EventShowMapLink":false,"_EventURL":"","_EventCost":"","_EventCostDescription":"","_EventCurrencySymbol":"","_EventCurrencyCode":"","_EventCurrencyPosition":"","_EventDateTimeSeparator":"","_EventTimeRangeSeparator":"","_EventOrganizerID":[],"_EventVenueID":[],"_OrganizerEmail":"","_OrganizerPhone":"","_OrganizerWebsite":"","_VenueAddress":"","_VenueCity":"","_VenueCountry":"","_VenueProvince":"","_VenueState":"","_VenueZip":"","_VenuePhone":"","_VenueURL":"","_VenueStateProvince":"","_VenueLat":"","_VenueLng":"","_VenueShowMap":false,"_VenueShowMapLink":false,"footnotes":""},"class_list":["post-1626","page","type-page","status-publish","has-post-thumbnail","hentry"],"_links":{"self":[{"href":"https:\/\/www.banukalayci.com\/index.php?rest_route=\/wp\/v2\/pages\/1626","targetHints":{"allow":["GET"]}}],"collection":[{"href":"https:\/\/www.banukalayci.com\/index.php?rest_route=\/wp\/v2\/pages"}],"about":[{"href":"https:\/\/www.banukalayci.com\/index.php?rest_route=\/wp\/v2\/types\/page"}],"author":[{"embeddable":true,"href":"https:\/\/www.banukalayci.com\/index.php?rest_route=\/wp\/v2\/users\/1"}],"replies":[{"embeddable":true,"href":"https:\/\/www.banukalayci.com\/index.php?rest_route=%2Fwp%2Fv2%2Fcomments&post=1626"}],"version-history":[{"count":4,"href":"https:\/\/www.banukalayci.com\/index.php?rest_route=\/wp\/v2\/pages\/1626\/revisions"}],"predecessor-version":[{"id":1852,"href":"https:\/\/www.banukalayci.com\/index.php?rest_route=\/wp\/v2\/pages\/1626\/revisions\/1852"}],"wp:featuredmedia":[{"embeddable":true,"href":"https:\/\/www.banukalayci.com\/index.php?rest_route=\/wp\/v2\/media\/1621"}],"wp:attachment":[{"href":"https:\/\/www.banukalayci.com\/index.php?rest_route=%2Fwp%2Fv2%2Fmedia&parent=1626"}],"curies":[{"name":"wp","href":"https:\/\/api.w.org\/{rel}","templated":true}]}}